{"id":244754,"date":"2021-10-11T22:08:33","date_gmt":"2021-10-11T20:08:33","guid":{"rendered":"https:\/\/sternmed.de\/aviso-del-sitio\/"},"modified":"2022-09-01T11:32:42","modified_gmt":"2022-09-01T09:32:42","slug":"aviso-del-sitio","status":"publish","type":"page","link":"https:\/\/sternmed.de\/es\/aviso-del-sitio\/","title":{"rendered":"Aviso del sitio"},"content":{"rendered":"<p>[et_pb_section fb_built=&#8221;1&#8243; _builder_version=&#8221;4.16&#8243; _module_preset=&#8221;default&#8221; width=&#8221;100%&#8221; max_width=&#8221;1920px&#8221; module_alignment=&#8221;center&#8221; custom_margin=&#8221;245px||0px||false|false&#8221; custom_margin_tablet=&#8221;58px||||false|false&#8221; custom_margin_phone=&#8221;&#8221; custom_margin_last_edited=&#8221;on|phone&#8221; custom_padding=&#8221;0px||0px||false|false&#8221; bottom_divider_style=&#8221;slant2&#8243; bottom_divider_color=&#8221;#1e6eb5&#8243; bottom_divider_flip=&#8221;horizontal&#8221; bottom_divider_arrangement=&#8221;above_content&#8221; da_disable_devices=&#8221;off|off|off&#8221; global_colors_info=&#8221;{}&#8221; da_is_popup=&#8221;off&#8221; da_exit_intent=&#8221;off&#8221; da_has_close=&#8221;on&#8221; da_alt_close=&#8221;off&#8221; da_dark_close=&#8221;off&#8221; da_not_modal=&#8221;on&#8221; da_is_singular=&#8221;off&#8221; da_with_loader=&#8221;off&#8221; da_has_shadow=&#8221;on&#8221;][et_pb_row _builder_version=&#8221;4.16&#8243; _module_preset=&#8221;default&#8221; background_color=&#8221;#ffffff&#8221; use_background_color_gradient=&#8221;on&#8221; background_color_gradient_direction=&#8221;96deg&#8221; background_color_gradient_stops=&#8221;rgba(0,0,0,0) 47%|rgba(30,110,181,0.53) 100%&#8221; background_color_gradient_overlays_image=&#8221;on&#8221; background_color_gradient_start=&#8221;rgba(0,0,0,0)&#8221; background_color_gradient_start_position=&#8221;47%&#8221; background_color_gradient_end=&#8221;rgba(30,110,181,0.53)&#8221; background_image=&#8221;https:\/\/sternmed.de\/wp-content\/uploads\/2021\/04\/Ueberlingen-small.jpg&#8221; width=&#8221;100%&#8221; max_width=&#8221;1920px&#8221; min_height=&#8221;20vh&#8221; custom_margin=&#8221;-58px||||false|false&#8221; custom_padding=&#8221;10vh||10vh||true|false&#8221; global_colors_info=&#8221;{}&#8221;][et_pb_column type=&#8221;4_4&#8243; _builder_version=&#8221;4.16&#8243; _module_preset=&#8221;default&#8221; global_colors_info=&#8221;{}&#8221;][et_pb_text _builder_version=&#8221;4.18.0&#8243; _module_preset=&#8221;default&#8221; header_text_align=&#8221;center&#8221; header_text_color=&#8221;#ffffff&#8221; background_color=&#8221;rgba(30,110,181,0.8)&#8221; max_width=&#8221;50%&#8221; module_alignment=&#8221;center&#8221; custom_padding=&#8221;20px|20px|10px|20px|false|true&#8221; header_font_size_tablet=&#8221;&#8221; header_font_size_phone=&#8221;23px&#8221; header_font_size_last_edited=&#8221;on|phone&#8221; border_width_left=&#8221;15px&#8221; border_color_left=&#8221;#ffffff&#8221; global_colors_info=&#8221;{}&#8221;]<\/p>\n<h1>Aviso del sitio<\/h1>\n<p>[\/et_pb_text][\/et_pb_column][\/et_pb_row][\/et_pb_section][et_pb_section fb_built=&#8221;1&#8243; _builder_version=&#8221;4.16&#8243; _module_preset=&#8221;default&#8221; width=&#8221;100%&#8221; max_width=&#8221;1920px&#8221; module_alignment=&#8221;center&#8221; custom_padding=&#8221;3px|||||&#8221; da_disable_devices=&#8221;off|off|off&#8221; global_colors_info=&#8221;{}&#8221; da_is_popup=&#8221;off&#8221; da_exit_intent=&#8221;off&#8221; da_has_close=&#8221;on&#8221; da_alt_close=&#8221;off&#8221; da_dark_close=&#8221;off&#8221; da_not_modal=&#8221;on&#8221; da_is_singular=&#8221;off&#8221; da_with_loader=&#8221;off&#8221; da_has_shadow=&#8221;on&#8221;][et_pb_row _builder_version=&#8221;4.16&#8243; _module_preset=&#8221;default&#8221; global_colors_info=&#8221;{}&#8221;][et_pb_column type=&#8221;4_4&#8243; _builder_version=&#8221;4.16&#8243; _module_preset=&#8221;default&#8221; global_colors_info=&#8221;{}&#8221;][et_pb_text _builder_version=&#8221;4.18.0&#8243; _module_preset=&#8221;default&#8221; hover_enabled=&#8221;0&#8243; global_colors_info=&#8221;{}&#8221; sticky_enabled=&#8221;0&#8243;]<\/p>\n<h2>Informaci\u00f3n de conformidad con la Secci\u00f3n 5 Ley de Telemedios alemana (TMG)<\/h2>\n<p>SternMed GmbH<br \/>\nSchubertstrasse 31<br \/>\n88214 Ravensburg<\/p>\n<p>Registro mercantil: HRB 727182<br \/>\nTribunal de registro: Ulm<\/p>\n<p><strong>Representado por<\/strong>:<br \/>\nDirector gerente Dr. Stefan Fiedler<\/p>\n<h2>Contacto<\/h2>\n<p>Tel\u00e9fono: +49 751 35978 0<br \/>\nTelefax: +49 751 35978 105<br \/>\nCorreo electr\u00f3nico: email@sternmed.de<\/p>\n<h2>ID de IVA<\/h2>\n<p>N\u00famero de identificaci\u00f3n del impuesto sobre las ventas seg\u00fan Secci\u00f3n 27 a de la Ley del Impuesto sobre las Ventas<br \/>\nDE279607649<\/p>\n<h2>Resoluci\u00f3n de disputas de la UE<\/h2>\n<p>La Comisi\u00f3n Europea proporciona una plataforma para la resoluci\u00f3n de disputas en l\u00ednea (ODR):\u00a0<a href=\"https:\/\/ec.europa.eu\/consumers\/odr\" target=\"_blank\" rel=\"noopener\">https:\/\/ec.europa.eu\/consumers\/odr.<\/a><br \/>\nNuestra direcci\u00f3n de correo electr\u00f3nico se puede encontrar arriba en el aviso del sitio<\/p>\n<h3>Procedimientos de resoluci\u00f3n de disputas ante una junta de arbitraje de consumidores<\/h3>\n<p>No estamos dispuestos ni obligados a participar en procedimientos de resoluci\u00f3n de disputas ante una junta de arbitraje de consumidores.<\/p>\n<h3>Responsabilidad por los contenidos<\/h3>\n<p>Como proveedores de servicios, somos responsables del contenido propio de estos sitios web de acuerdo con el p\u00e1rrafo 7, secci\u00f3n. 1 de la Ley de Telemedios alemana (TMG). Sin embargo, de acuerdo con los p\u00e1rrafos 8 a 10 de la Ley de Telemedios alemana (TMG), los proveedores de servicios no est\u00e1n obligados a monitorear permanentemente la informaci\u00f3n enviada o almacenada ni a buscar evidencias que indiquen actividades ilegales.<\/p>\n<p>Las obligaciones legales de eliminar informaci\u00f3n o bloquear el uso de la informaci\u00f3n permanecen indiscutidas. En este caso, la responsabilidad solo es posible en el momento del conocimiento de una infracci\u00f3n espec\u00edfica de la ley. Los contenidos ilegales se eliminar\u00e1n inmediatamente en el momento en que tengamos conocimiento de ellos.<\/p>\n<h3>Responsabilidad por v\u00ednculos<\/h3>\n<p>Nuestra oferta incluye v\u00ednculos a sitios web externos de terceros. No tenemos influencia sobre el contenido de esos sitios web, por lo tanto, no podemos garantizar esos contenidos. Los proveedores o administradores de sitios web vinculados son siempre responsables de sus propios contenidos.<\/p>\n<p>Los sitios web vinculados han sido revisados para detectar posibles infracciones de la ley en el momento que se estableci\u00f3 del v\u00ednculo. En el momento de la vinculaci\u00f3n no se detectaron contenidos ilegales. No se puede imponer un monitoreo permanente de los contenidos de los sitios web vinculados sin indicios razonables de que ha habido una violaci\u00f3n de la ley. Los v\u00ednculos ilegales se eliminar\u00e1n de inmediato en el momento en que tengamos conocimiento de ellos.<\/p>\n<h3>Derechos de autor<\/h3>\n<p>Los contenidos y compilaciones publicados en estos sitios web por los proveedores est\u00e1n sujetos a las leyes de derechos de autor alemanas. La reproducci\u00f3n, edici\u00f3n, distribuci\u00f3n, as\u00ed como el uso de cualquier tipo de contenido fuera del alcance de la ley de derechos de autor, requieren un permiso por escrito del autor o creador. Las descargas y copias de estos sitios web est\u00e1n permitidas solo para uso privado.<br \/>\nEst\u00e1 prohibido el uso comercial de nuestros contenidos sin el permiso del creador.<\/p>\n<p>Se respetan las leyes de derechos de autor de terceros siempre que los contenidos de estos sitios web no sean originados por el proveedor. Las contribuciones de terceros en este sitio se indican como tales. Sin embargo, si nota alguna infracci\u00f3n de la ley de derechos de autor, inf\u00f3rmenos. Dichos contenidos se eliminar\u00e1n de inmediato.[\/et_pb_text][\/et_pb_column][\/et_pb_row][\/et_pb_section]<\/p>\n","protected":false},"excerpt":{"rendered":"<p>Aviso del sitioInformaci\u00f3n de conformidad con la Secci\u00f3n 5 Ley de Telemedios alemana (TMG) SternMed GmbH Schubertstrasse 31 88214 Ravensburg Registro mercantil: HRB 727182 Tribunal de registro: Ulm Representado por: Director gerente Dr. Stefan Fiedler Contacto Tel\u00e9fono: +49 751 35978 0 Telefax: +49 751 35978 105 Correo electr\u00f3nico: email@sternmed.de ID de IVA N\u00famero de identificaci\u00f3n [&hellip;]<\/p>\n","protected":false},"author":1,"featured_media":0,"parent":0,"menu_order":0,"comment_status":"closed","ping_status":"closed","template":"","meta":{"_et_pb_use_builder":"on","_et_pb_old_content":"","_et_gb_content_width":"","footnotes":""},"class_list":["post-244754","page","type-page","status-publish","hentry"],"_links":{"self":[{"href":"https:\/\/sternmed.de\/es\/wp-json\/wp\/v2\/pages\/244754","targetHints":{"allow":["GET"]}}],"collection":[{"href":"https:\/\/sternmed.de\/es\/wp-json\/wp\/v2\/pages"}],"about":[{"href":"https:\/\/sternmed.de\/es\/wp-json\/wp\/v2\/types\/page"}],"author":[{"embeddable":true,"href":"https:\/\/sternmed.de\/es\/wp-json\/wp\/v2\/users\/1"}],"replies":[{"embeddable":true,"href":"https:\/\/sternmed.de\/es\/wp-json\/wp\/v2\/comments?post=244754"}],"version-history":[{"count":0,"href":"https:\/\/sternmed.de\/es\/wp-json\/wp\/v2\/pages\/244754\/revisions"}],"wp:attachment":[{"href":"https:\/\/sternmed.de\/es\/wp-json\/wp\/v2\/media?parent=244754"}],"curies":[{"name":"wp","href":"https:\/\/api.w.org\/{rel}","templated":true}]}}