{"id":244793,"date":"2021-10-25T20:37:22","date_gmt":"2021-10-25T18:37:22","guid":{"rendered":"https:\/\/sternmed.de\/sobre-sternmed\/calidad\/"},"modified":"2024-11-28T11:13:32","modified_gmt":"2024-11-28T10:13:32","slug":"calidad","status":"publish","type":"page","link":"https:\/\/sternmed.de\/es\/sobre-sternmed\/calidad\/","title":{"rendered":"Calidad"},"content":{"rendered":"<p>[et_pb_section fb_built=&#8221;1&#8243; _builder_version=&#8221;4.16&#8243; _module_preset=&#8221;default&#8221; width=&#8221;100%&#8221; max_width=&#8221;1920px&#8221; module_alignment=&#8221;center&#8221; custom_margin=&#8221;245px||0px||false|false&#8221; custom_margin_tablet=&#8221;58px||||false|false&#8221; custom_margin_phone=&#8221;&#8221; custom_margin_last_edited=&#8221;on|phone&#8221; custom_padding=&#8221;0px||0px||false|false&#8221; bottom_divider_style=&#8221;slant2&#8243; bottom_divider_color=&#8221;#1e6eb5&#8243; bottom_divider_flip=&#8221;horizontal&#8221; bottom_divider_arrangement=&#8221;above_content&#8221; da_disable_devices=&#8221;off|off|off&#8221; global_colors_info=&#8221;{}&#8221; da_is_popup=&#8221;off&#8221; da_exit_intent=&#8221;off&#8221; da_has_close=&#8221;on&#8221; da_alt_close=&#8221;off&#8221; da_dark_close=&#8221;off&#8221; da_not_modal=&#8221;on&#8221; da_is_singular=&#8221;off&#8221; da_with_loader=&#8221;off&#8221; da_has_shadow=&#8221;on&#8221;][et_pb_row custom_padding_last_edited=&#8221;on|phone&#8221; _builder_version=&#8221;4.20.0&#8243; _module_preset=&#8221;default&#8221; background_color=&#8221;#ffffff&#8221; use_background_color_gradient=&#8221;on&#8221; background_color_gradient_direction=&#8221;96deg&#8221; background_color_gradient_stops=&#8221;rgba(0,0,0,0) 47%|rgba(30,110,181,0.53) 100%&#8221; background_color_gradient_overlays_image=&#8221;on&#8221; background_color_gradient_start=&#8221;rgba(0,0,0,0)&#8221; background_color_gradient_start_position=&#8221;47%&#8221; background_color_gradient_end=&#8221;rgba(30,110,181,0.53)&#8221; background_image=&#8221;https:\/\/sternmed.de\/wp-content\/uploads\/2023\/02\/quality_Website_banner.jpg&#8221; width=&#8221;100%&#8221; max_width=&#8221;1920px&#8221; min_height=&#8221;60vh&#8221; min_height_tablet=&#8221;&#8221; min_height_phone=&#8221;&#8221; min_height_last_edited=&#8221;on|tablet&#8221; custom_margin=&#8221;-58px||||false|false&#8221; custom_padding=&#8221;30vh||||false|false&#8221; custom_padding_tablet=&#8221;10vh||10vh||false|false&#8221; custom_padding_phone=&#8221;&#8221; global_colors_info=&#8221;{}&#8221;][et_pb_column type=&#8221;4_4&#8243; _builder_version=&#8221;4.16&#8243; _module_preset=&#8221;default&#8221; global_colors_info=&#8221;{}&#8221;][et_pb_text _builder_version=&#8221;4.16&#8243; _module_preset=&#8221;default&#8221; header_text_align=&#8221;center&#8221; header_text_color=&#8221;#ffffff&#8221; background_color=&#8221;rgba(30,110,181,0.8)&#8221; max_width=&#8221;50%&#8221; max_width_tablet=&#8221;90%&#8221; max_width_phone=&#8221;&#8221; max_width_last_edited=&#8221;on|phone&#8221; module_alignment=&#8221;center&#8221; custom_padding=&#8221;20px|20px|10px|20px|false|true&#8221; header_font_size_tablet=&#8221;30px&#8221; header_font_size_phone=&#8221;22px&#8221; header_font_size_last_edited=&#8221;on|phone&#8221; border_width_left=&#8221;15px&#8221; border_color_left=&#8221;#ffffff&#8221; global_colors_info=&#8221;{}&#8221;]<\/p>\n<h1>Calidad<\/h1>\n<p>[\/et_pb_text][\/et_pb_column][\/et_pb_row][\/et_pb_section][et_pb_section fb_built=&#8221;1&#8243; _builder_version=&#8221;4.16&#8243; _module_preset=&#8221;default&#8221; width=&#8221;100%&#8221; max_width=&#8221;1920px&#8221; module_alignment=&#8221;center&#8221; da_disable_devices=&#8221;off|off|off&#8221; global_colors_info=&#8221;{}&#8221; da_is_popup=&#8221;off&#8221; da_exit_intent=&#8221;off&#8221; da_has_close=&#8221;on&#8221; da_alt_close=&#8221;off&#8221; da_dark_close=&#8221;off&#8221; da_not_modal=&#8221;on&#8221; da_is_singular=&#8221;off&#8221; da_with_loader=&#8221;off&#8221; da_has_shadow=&#8221;on&#8221;][et_pb_row _builder_version=&#8221;4.16&#8243; _module_preset=&#8221;default&#8221; width=&#8221;74%&#8221; global_colors_info=&#8221;{}&#8221;][et_pb_column type=&#8221;4_4&#8243; _builder_version=&#8221;4.16&#8243; _module_preset=&#8221;default&#8221; global_colors_info=&#8221;{}&#8221;][et_pb_text _builder_version=&#8221;4.27.3&#8243; _module_preset=&#8221;default&#8221; text_font_size=&#8221;16px&#8221; header_2_text_color=&#8221;#1e6eb5&#8243; header_2_font_size=&#8221;26px&#8221; header_2_line_height=&#8221;1.6em&#8221; header_3_font=&#8221;|300||on|||||&#8221; header_3_text_color=&#8221;#1e6eb5&#8243; header_3_line_height=&#8221;1.8em&#8221; hover_enabled=&#8221;0&#8243; header_2_font_size_tablet=&#8221;&#8221; header_2_font_size_phone=&#8221;20px&#8221; header_2_font_size_last_edited=&#8221;on|phone&#8221; global_colors_info=&#8221;{}&#8221; sticky_enabled=&#8221;0&#8243;]<\/p>\n<h3><strong>VISI\u00d3N<\/strong><\/h3>\n<p>Hacer que la atenci\u00f3n m\u00e9dica de calidad sea accesible en todo el mundo.<\/p>\n<h3><strong>MISI\u00d3N<\/strong><\/h3>\n<p>Fabricar una amplia gama de productos y soluciones para el cuidado de la salud que son asequibles y de calidad alemana, y al mismo tiempo ofrecer un compromiso a largo plazo y soporte local.<\/p>\n<h2><strong>Los valores<\/strong> fundamentales de SternMed son los siguientes:<\/h2>\n<h3><strong>CONOCIMIENTO<\/strong><\/h3>\n<p><strong>Apoyo.<\/strong> proporcionamos la capacitaci\u00f3n, la experiencia y otros recursos necesarios para garantizar que nuestras soluciones funcionen sin problemas y de forma \u00f3ptima.<\/p>\n<p><strong>Relevante a nivel local.<\/strong>\u00a0nos esforzamos por ser plenamente conscientes de las condiciones locales, las necesidades de los clientes y la evoluci\u00f3n del mercado, para poder tomar las decisiones correctas y de esa manera adaptar nuestras soluciones cuando la situaci\u00f3n lo requiera.<\/p>\n<h3><strong>CALIDAD<\/strong><\/h3>\n<p><strong>De confianza.<\/strong> Al dise\u00f1ar nuestros productos en Alemania, nos esforzamos por lograr la excelencia continua y cumplir con las m\u00e1s altas normas y est\u00e1ndares correspondientes.<\/p>\n<p><strong>Diverso.<\/strong> Ser multidisciplinarios, en t\u00e9rminos de nuestra gente, experiencia y enfoque, ayuda a optimizar constantemente la calidad de nuestra forma de trabajo y del producto que entregamos a nuestros clientes.<\/p>\n<p><strong>F\u00e1ciles de usar.<\/strong> Dise\u00f1amos nuestras soluciones robustas en torno a una funcionalidad central s\u00f3lida que las hace f\u00e1ciles de entender, usar y mantener.<\/p>\n<h3><strong>CONSCIENTES DE LOS COSTOS <\/strong><\/h3>\n<p><strong>Durables.<\/strong> Dise\u00f1amos nuestros productos para un tiempo de inactividad m\u00ednimo y un rendimiento duradero, de modo que generen un retorno significativo a partir de la inversi\u00f3n del cliente durante un per\u00edodo sostenido.<\/p>\n<p><strong>Asequibles.<\/strong> Tomamos decisiones conscientes de los costos para poder ofrecer a nuestros clientes una amplia gama de soluciones que se adapten a los presupuestos de todos los tama\u00f1os.<\/p>\n<h3><b>INTEGRIDAD<\/b><\/h3>\n<p><strong>Dignos de confianza.<\/strong> Somos un socio comercial confiable; una empresa que cumple sus promesas y que valora mucho la creaci\u00f3n y el mantenimiento de relaciones sostenibles.<\/p>\n<p><strong>\u00c9ticos.<\/strong> Creemos en tomar decisiones responsables, en ser plenamente responsables de nuestras acciones y en trabajar con un estricto conjunto de \u00e9tica empresarial al que no vamos a renunciar.<\/p>\n<p><strong>Apasionados.<\/strong> Nos comprometemos a mejorar el acceso a la atenci\u00f3n m\u00e9dica en todos los rincones del mundo y alentamos a nuestros empleados, as\u00ed como a los clientes y otros socios, a contribuir.<\/p>\n<h3><strong>CERTIFICACI\u00d3N<\/strong><\/h3>\n<p>Con nuestra certificaci\u00f3n ISO 13485:2021 de T\u00dcV Nord, demostramos que todos los procesos de nuestra empresa cumplen con los m\u00e1s altos est\u00e1ndares y que la documentaci\u00f3n correspondiente est\u00e1 actualizada.<\/p>\n<p>[\/et_pb_text][\/et_pb_column][\/et_pb_row][et_pb_row column_structure=&#8221;1_3,1_3,1_3&#8243; _builder_version=&#8221;4.16&#8243; _module_preset=&#8221;default&#8221; global_colors_info=&#8221;{}&#8221;][et_pb_column type=&#8221;1_3&#8243; _builder_version=&#8221;4.16&#8243; _module_preset=&#8221;default&#8221; global_colors_info=&#8221;{}&#8221;][et_pb_image src=&#8221;https:\/\/sternmed.de\/wp-content\/uploads\/2024\/03\/SternMed-Certificate-ISO-1.jpg&#8221; title_text=&#8221;SternMed Certificate ISO&#8221; url=&#8221;\/wp-content\/uploads\/2022\/05\/SternMed-ISO-13485-Certificate.pdf&#8221; url_new_window=&#8221;on&#8221; _builder_version=&#8221;4.24.2&#8243; _module_preset=&#8221;default&#8221; global_colors_info=&#8221;{}&#8221;][\/et_pb_image][\/et_pb_column][et_pb_column type=&#8221;1_3&#8243; _builder_version=&#8221;4.16&#8243; _module_preset=&#8221;default&#8221; global_colors_info=&#8221;{}&#8221;][et_pb_image src=&#8221;https:\/\/sternmed.de\/wp-content\/uploads\/2020\/10\/ce-certificate-sternmed.jpg&#8221; alt=&#8221;Zertifikat&#8221; title_text=&#8221;Zertifikat&#8221; url=&#8221;\/wp-content\/uploads\/2020\/10\/sm_ec_2019.pdf&#8221; url_new_window=&#8221;on&#8221; _builder_version=&#8221;4.24.2&#8243; _module_preset=&#8221;default&#8221; global_colors_info=&#8221;{}&#8221;][\/et_pb_image][\/et_pb_column][et_pb_column type=&#8221;1_3&#8243; _builder_version=&#8221;4.16&#8243; _module_preset=&#8221;default&#8221; global_colors_info=&#8221;{}&#8221;][\/et_pb_column][\/et_pb_row][\/et_pb_section]<\/p>\n","protected":false},"excerpt":{"rendered":"<p>CalidadVISI\u00d3N Hacer que la atenci\u00f3n m\u00e9dica de calidad sea accesible en todo el mundo. MISI\u00d3N Fabricar una amplia gama de productos y soluciones para el cuidado de la salud que son asequibles y de calidad alemana, y al mismo tiempo ofrecer un compromiso a largo plazo y soporte local. Los valores fundamentales de SternMed son [&hellip;]<\/p>\n","protected":false},"author":1,"featured_media":0,"parent":244751,"menu_order":0,"comment_status":"closed","ping_status":"closed","template":"","meta":{"_et_pb_use_builder":"on","_et_pb_old_content":"","_et_gb_content_width":"","footnotes":""},"class_list":["post-244793","page","type-page","status-publish","hentry"],"_links":{"self":[{"href":"https:\/\/sternmed.de\/es\/wp-json\/wp\/v2\/pages\/244793","targetHints":{"allow":["GET"]}}],"collection":[{"href":"https:\/\/sternmed.de\/es\/wp-json\/wp\/v2\/pages"}],"about":[{"href":"https:\/\/sternmed.de\/es\/wp-json\/wp\/v2\/types\/page"}],"author":[{"embeddable":true,"href":"https:\/\/sternmed.de\/es\/wp-json\/wp\/v2\/users\/1"}],"replies":[{"embeddable":true,"href":"https:\/\/sternmed.de\/es\/wp-json\/wp\/v2\/comments?post=244793"}],"version-history":[{"count":10,"href":"https:\/\/sternmed.de\/es\/wp-json\/wp\/v2\/pages\/244793\/revisions"}],"predecessor-version":[{"id":258498,"href":"https:\/\/sternmed.de\/es\/wp-json\/wp\/v2\/pages\/244793\/revisions\/258498"}],"up":[{"embeddable":true,"href":"https:\/\/sternmed.de\/es\/wp-json\/wp\/v2\/pages\/244751"}],"wp:attachment":[{"href":"https:\/\/sternmed.de\/es\/wp-json\/wp\/v2\/media?parent=244793"}],"curies":[{"name":"wp","href":"https:\/\/api.w.org\/{rel}","templated":true}]}}