{"id":244808,"date":"2021-10-25T20:49:03","date_gmt":"2021-10-25T18:49:03","guid":{"rendered":"https:\/\/sternmed.de\/sobre-sternmed\/noticias\/"},"modified":"2026-04-04T22:12:17","modified_gmt":"2026-04-04T20:12:17","slug":"noticias","status":"publish","type":"page","link":"https:\/\/sternmed.de\/es\/sobre-sternmed\/noticias\/","title":{"rendered":"Noticias"},"content":{"rendered":"<p>[et_pb_section fb_built=&#8221;1&#8243; _builder_version=&#8221;4.16&#8243; _module_preset=&#8221;default&#8221; width=&#8221;100%&#8221; max_width=&#8221;1920px&#8221; module_alignment=&#8221;center&#8221; custom_margin=&#8221;245px||0px||false|false&#8221; custom_margin_tablet=&#8221;58px||||false|false&#8221; custom_margin_phone=&#8221;&#8221; custom_margin_last_edited=&#8221;on|phone&#8221; custom_padding=&#8221;0px||0px||false|false&#8221; bottom_divider_style=&#8221;slant2&#8243; bottom_divider_color=&#8221;#1e6eb5&#8243; bottom_divider_flip=&#8221;horizontal&#8221; bottom_divider_arrangement=&#8221;above_content&#8221; da_disable_devices=&#8221;off|off|off&#8221; global_colors_info=&#8221;{}&#8221; da_is_popup=&#8221;off&#8221; da_exit_intent=&#8221;off&#8221; da_has_close=&#8221;on&#8221; da_alt_close=&#8221;off&#8221; da_dark_close=&#8221;off&#8221; da_not_modal=&#8221;on&#8221; da_is_singular=&#8221;off&#8221; da_with_loader=&#8221;off&#8221; da_has_shadow=&#8221;on&#8221;][et_pb_row custom_padding_last_edited=&#8221;on|phone&#8221; _builder_version=&#8221;4.27.6&#8243; _module_preset=&#8221;default&#8221; background_color=&#8221;#ffffff&#8221; use_background_color_gradient=&#8221;on&#8221; background_color_gradient_direction=&#8221;96deg&#8221; background_color_gradient_stops=&#8221;rgba(0,0,0,0) 47%|rgba(30,110,181,0.53) 100%&#8221; background_color_gradient_overlays_image=&#8221;on&#8221; background_color_gradient_start=&#8221;rgba(0,0,0,0)&#8221; background_color_gradient_start_position=&#8221;47%&#8221; background_color_gradient_end=&#8221;rgba(30,110,181,0.53)&#8221; background_image=&#8221;https:\/\/sternmed.de\/wp-content\/uploads\/2026\/04\/SternMed-booth-Medica-2022-front-v2-e1775325257803.jpg&#8221; width=&#8221;100%&#8221; max_width=&#8221;1920px&#8221; min_height=&#8221;60vh&#8221; min_height_tablet=&#8221;&#8221; min_height_phone=&#8221;&#8221; min_height_last_edited=&#8221;on|tablet&#8221; custom_margin=&#8221;-58px||||false|false&#8221; custom_padding=&#8221;30vh||||false|false&#8221; custom_padding_tablet=&#8221;10vh||10vh||false|false&#8221; custom_padding_phone=&#8221;&#8221; global_colors_info=&#8221;{}&#8221;][et_pb_column type=&#8221;4_4&#8243; _builder_version=&#8221;4.16&#8243; _module_preset=&#8221;default&#8221; global_colors_info=&#8221;{}&#8221;][et_pb_text _builder_version=&#8221;4.16&#8243; _module_preset=&#8221;default&#8221; header_text_align=&#8221;center&#8221; header_text_color=&#8221;#ffffff&#8221; background_color=&#8221;rgba(30,110,181,0.8)&#8221; max_width=&#8221;50%&#8221; max_width_tablet=&#8221;90%&#8221; max_width_phone=&#8221;&#8221; max_width_last_edited=&#8221;on|phone&#8221; module_alignment=&#8221;center&#8221; custom_padding=&#8221;20px|20px|10px|20px|false|true&#8221; header_font_size_tablet=&#8221;30px&#8221; header_font_size_phone=&#8221;22px&#8221; header_font_size_last_edited=&#8221;on|phone&#8221; border_width_left=&#8221;15px&#8221; border_color_left=&#8221;#ffffff&#8221; global_colors_info=&#8221;{}&#8221;]<\/p>\n<h1>\u00daltimas noticias<\/h1>\n<p>[\/et_pb_text][\/et_pb_column][\/et_pb_row][\/et_pb_section][et_pb_section fb_built=&#8221;1&#8243; _builder_version=&#8221;4.16&#8243; _module_preset=&#8221;default&#8221; width=&#8221;100%&#8221; max_width=&#8221;1920px&#8221; module_alignment=&#8221;center&#8221; custom_padding=&#8221;35px||0px|||&#8221; da_disable_devices=&#8221;off|off|off&#8221; global_colors_info=&#8221;{}&#8221; da_is_popup=&#8221;off&#8221; da_exit_intent=&#8221;off&#8221; da_has_close=&#8221;on&#8221; da_alt_close=&#8221;off&#8221; da_dark_close=&#8221;off&#8221; da_not_modal=&#8221;on&#8221; da_is_singular=&#8221;off&#8221; da_with_loader=&#8221;off&#8221; da_has_shadow=&#8221;on&#8221;][et_pb_row _builder_version=&#8221;4.16&#8243; _module_preset=&#8221;default&#8221; width=&#8221;74%&#8221; global_colors_info=&#8221;{}&#8221;][et_pb_column type=&#8221;4_4&#8243; _builder_version=&#8221;4.16&#8243; _module_preset=&#8221;default&#8221; global_colors_info=&#8221;{}&#8221;][et_pb_text _builder_version=&#8221;4.16&#8243; _module_preset=&#8221;default&#8221; header_2_font_size_tablet=&#8221;&#8221; header_2_font_size_phone=&#8221;25px&#8221; header_2_font_size_last_edited=&#8221;on|phone&#8221; global_colors_info=&#8221;{}&#8221;]<\/p>\n<h2>SternMed es un fabricante de productos sanitarios con sede en Ravensburg, Alemania.<\/h2>\n<div>\n<p>Aqu\u00ed encontrar\u00e1 toda la informaci\u00f3n actual, noticias y eventos de SternMed GmbH.<\/p>\n<\/div>\n<p>[\/et_pb_text][\/et_pb_column][\/et_pb_row][et_pb_row _builder_version=&#8221;4.16&#8243; _module_preset=&#8221;default&#8221; background_color=&#8221;#1e6eb5&#8243; width=&#8221;100%&#8221; max_width=&#8221;1920px&#8221; custom_padding=&#8221;50px|30px||30px|false|true&#8221; global_colors_info=&#8221;{}&#8221;][et_pb_column type=&#8221;4_4&#8243; _builder_version=&#8221;4.16&#8243; _module_preset=&#8221;default&#8221; global_colors_info=&#8221;{}&#8221;][et_pb_text _builder_version=&#8221;4.16&#8243; _module_preset=&#8221;default&#8221; header_2_text_color=&#8221;#ffffff&#8221; max_width=&#8221;1400px&#8221; module_alignment=&#8221;center&#8221; custom_padding=&#8221;|15px||15px|false|true&#8221; border_width_left=&#8221;15px&#8221; border_color_left=&#8221;#ffffff&#8221; global_colors_info=&#8221;{}&#8221;]<\/p>\n<h2>Nuestras noticias y eventos<\/h2>\n<p>[\/et_pb_text][et_pb_blog_extras include_categories=&#8221;1&#8243; taxonomies_relation=&#8221;AND&#8221; meta_date=&#8221;d.M Y&#8221; excerpt_length=&#8221;120&#8243; show_more=&#8221;off&#8221; show_categories=&#8221;off&#8221; show_thumbnail_mobile=&#8221;off&#8221; _builder_version=&#8221;4.25.1&#8243; _module_preset=&#8221;default&#8221; ajax_pagination_use_icon=&#8221;off&#8221; read_more_alignment=&#8221;left&#8221; max_width=&#8221;1400px&#8221; module_alignment=&#8221;center&#8221; animation_style=&#8221;zoom&#8221; box_shadow_style=&#8221;preset3&#8243; global_colors_info=&#8221;{}&#8221;][\/et_pb_blog_extras][\/et_pb_column][\/et_pb_row][\/et_pb_section]<\/p>\n","protected":false},"excerpt":{"rendered":"<p>\u00daltimas noticiasSternMed es un fabricante de productos sanitarios con sede en Ravensburg, Alemania. Aqu\u00ed encontrar\u00e1 toda la informaci\u00f3n actual, noticias y eventos de SternMed GmbH. Nuestras noticias y eventos<\/p>\n","protected":false},"author":1,"featured_media":260956,"parent":244751,"menu_order":0,"comment_status":"closed","ping_status":"closed","template":"","meta":{"_et_pb_use_builder":"on","_et_pb_old_content":"","_et_gb_content_width":"","footnotes":""},"class_list":["post-244808","page","type-page","status-publish","has-post-thumbnail","hentry"],"_links":{"self":[{"href":"https:\/\/sternmed.de\/es\/wp-json\/wp\/v2\/pages\/244808","targetHints":{"allow":["GET"]}}],"collection":[{"href":"https:\/\/sternmed.de\/es\/wp-json\/wp\/v2\/pages"}],"about":[{"href":"https:\/\/sternmed.de\/es\/wp-json\/wp\/v2\/types\/page"}],"author":[{"embeddable":true,"href":"https:\/\/sternmed.de\/es\/wp-json\/wp\/v2\/users\/1"}],"replies":[{"embeddable":true,"href":"https:\/\/sternmed.de\/es\/wp-json\/wp\/v2\/comments?post=244808"}],"version-history":[{"count":10,"href":"https:\/\/sternmed.de\/es\/wp-json\/wp\/v2\/pages\/244808\/revisions"}],"predecessor-version":[{"id":260973,"href":"https:\/\/sternmed.de\/es\/wp-json\/wp\/v2\/pages\/244808\/revisions\/260973"}],"up":[{"embeddable":true,"href":"https:\/\/sternmed.de\/es\/wp-json\/wp\/v2\/pages\/244751"}],"wp:featuredmedia":[{"embeddable":true,"href":"https:\/\/sternmed.de\/es\/wp-json\/wp\/v2\/media\/260956"}],"wp:attachment":[{"href":"https:\/\/sternmed.de\/es\/wp-json\/wp\/v2\/media?parent=244808"}],"curies":[{"name":"wp","href":"https:\/\/api.w.org\/{rel}","templated":true}]}}