{"id":252308,"date":"2023-04-13T09:09:20","date_gmt":"2023-04-13T07:09:20","guid":{"rendered":"https:\/\/sternmed.de\/descargas\/"},"modified":"2023-06-12T08:52:41","modified_gmt":"2023-06-12T06:52:41","slug":"descargas","status":"publish","type":"page","link":"https:\/\/sternmed.de\/es\/descargas\/","title":{"rendered":"Descargas"},"content":{"rendered":"<p>[et_pb_section fb_built=&#8221;1&#8243; _builder_version=&#8221;4.16&#8243; _module_preset=&#8221;default&#8221; width=&#8221;100%&#8221; max_width=&#8221;1920px&#8221; module_alignment=&#8221;center&#8221; custom_padding=&#8221;35px||0px|||&#8221; da_disable_devices=&#8221;off|off|off&#8221; global_colors_info=&#8221;{}&#8221; da_is_popup=&#8221;off&#8221; da_exit_intent=&#8221;off&#8221; da_has_close=&#8221;on&#8221; da_alt_close=&#8221;off&#8221; da_dark_close=&#8221;off&#8221; da_not_modal=&#8221;on&#8221; da_is_singular=&#8221;off&#8221; da_with_loader=&#8221;off&#8221; da_has_shadow=&#8221;on&#8221;][et_pb_row _builder_version=&#8221;4.20.0&#8243; _module_preset=&#8221;default&#8221; global_colors_info=&#8221;{}&#8221;][et_pb_column type=&#8221;4_4&#8243; _builder_version=&#8221;4.20.0&#8243; _module_preset=&#8221;default&#8221; global_colors_info=&#8221;{}&#8221;][et_pb_text _builder_version=&#8221;4.21.0&#8243; _module_preset=&#8221;default&#8221; hover_enabled=&#8221;0&#8243; global_colors_info=&#8221;{}&#8221; sticky_enabled=&#8221;0&#8243;]<\/p>\n<h2>Descargas Folletos<\/h2>\n<p>[\/et_pb_text][\/et_pb_column][\/et_pb_row][et_pb_row column_structure=&#8221;1_3,1_3,1_3&#8243; use_custom_gutter=&#8221;on&#8221; make_equal=&#8221;on&#8221; _builder_version=&#8221;4.16&#8243; _module_preset=&#8221;default&#8221; global_colors_info=&#8221;{}&#8221;][et_pb_column type=&#8221;1_3&#8243; _builder_version=&#8221;4.16&#8243; _module_preset=&#8221;default&#8221; background_enable_color=&#8221;off&#8221; global_colors_info=&#8221;{}&#8221;][et_pb_blurb title=&#8221;Diagn\u00f3stico M\u00e9dico Por Im\u00e1genes &#8211; Folletos &#8221; image=&#8221;https:\/\/sternmed.de\/wp-content\/uploads\/2021\/11\/MMR0853-online_copyright-Marco-Mehl-Imaging.jpg&#8221; alt=&#8221;DIAGN\u00d3STICO M\u00c9DICO POR IM\u00c1GENES&#8221; _builder_version=&#8221;4.20.0&#8243; _module_preset=&#8221;433a25f8-8c87-4972-8413-5df64165588b&#8221; link_option_url=&#8221;https:\/\/sternmed.de\/es\/folletos-de-diagnostico-medico-por-imagenes\/&#8221; box_shadow_blur=&#8221;25px&#8221; global_colors_info=&#8221;{}&#8221; content__hover_enabled=&#8221;off|desktop&#8221; image__hover_enabled=&#8221;on|hover&#8221; image__hover=&#8221;https:\/\/sternmed.de\/wp-content\/uploads\/2021\/11\/MMR0853-online_copyright-Marco-Mehl-Imaging.jpg&#8221;][\/et_pb_blurb][et_pb_button button_url=&#8221;https:\/\/sternmed.de\/es\/folletos-de-diagnostico-medico-por-imagenes\/&#8221; button_text=&#8221;Descargas&#8221; _builder_version=&#8221;4.20.0&#8243; _module_preset=&#8221;1171ae73-113e-47d9-88c5-cf68c80622b9&#8243; global_colors_info=&#8221;{}&#8221;][\/et_pb_button][\/et_pb_column][et_pb_column type=&#8221;1_3&#8243; _builder_version=&#8221;4.16&#8243; _module_preset=&#8221;default&#8221; global_colors_info=&#8221;{}&#8221;][et_pb_blurb title=&#8221;Soluciones Para Las Salas De Operaciones &#8211; Folletos&#8221; image=&#8221;https:\/\/sternmed.de\/wp-content\/uploads\/2021\/11\/MMR0786-druck_Marco-Mehl-OR.jpg&#8221; alt=&#8221;SOLUCIONES PARA LAS SALAS DE OPERACIONES&#8221; _builder_version=&#8221;4.20.0&#8243; _module_preset=&#8221;default&#8221; link_option_url=&#8221;https:\/\/sternmed.de\/es\/or-folletos\/&#8221; box_shadow_blur=&#8221;25px&#8221; global_colors_info=&#8221;{}&#8221; content__hover_enabled=&#8221;off|hover&#8221; image__hover_enabled=&#8221;on|desktop&#8221; image__hover=&#8221;https:\/\/sternmed.de\/wp-content\/uploads\/2021\/11\/MMR0786-druck_Marco-Mehl-OR.jpg&#8221;][\/et_pb_blurb][et_pb_button button_url=&#8221;https:\/\/sternmed.de\/es\/or-folletos\/&#8221; button_text=&#8221;Descargas&#8221; _builder_version=&#8221;4.20.0&#8243; _module_preset=&#8221;1171ae73-113e-47d9-88c5-cf68c80622b9&#8243; global_colors_info=&#8221;{}&#8221;][\/et_pb_button][\/et_pb_column][et_pb_column type=&#8221;1_3&#8243; _builder_version=&#8221;4.16&#8243; _module_preset=&#8221;default&#8221; global_colors_info=&#8221;{}&#8221;][et_pb_blurb title=&#8221;Cuidado Del Paciente &#8211; Folletos&#8221; image=&#8221;https:\/\/sternmed.de\/wp-content\/uploads\/2021\/11\/MMR0822-druck_Marco-Mehl-P.C-Pink.jpg&#8221; alt=&#8221;Doctor with Patient&#8221; _builder_version=&#8221;4.20.0&#8243; _module_preset=&#8221;default&#8221; link_option_url=&#8221;https:\/\/sternmed.de\/es\/folletos-de-atencion-al-paciente\/&#8221; box_shadow_blur=&#8221;25px&#8221; global_colors_info=&#8221;{}&#8221; content__hover_enabled=&#8221;on|hover&#8221; image__hover_enabled=&#8221;on|desktop&#8221; content__hover=&#8221;&#8221; image__hover=&#8221;https:\/\/sternmed.de\/wp-content\/uploads\/2021\/11\/MMR0822-druck_Marco-Mehl-P.C-Pink.jpg&#8221;][\/et_pb_blurb][et_pb_button button_url=&#8221;https:\/\/sternmed.de\/es\/folletos-de-atencion-al-paciente\/&#8221; button_text=&#8221;Descargas&#8221; _builder_version=&#8221;4.20.0&#8243; _module_preset=&#8221;1171ae73-113e-47d9-88c5-cf68c80622b9&#8243; global_colors_info=&#8221;{}&#8221;][\/et_pb_button][\/et_pb_column][\/et_pb_row][\/et_pb_section]<\/p>\n","protected":false},"excerpt":{"rendered":"<p>Descargas Folletos<\/p>\n","protected":false},"author":15,"featured_media":0,"parent":0,"menu_order":0,"comment_status":"closed","ping_status":"closed","template":"","meta":{"_et_pb_use_builder":"on","_et_pb_old_content":"","_et_gb_content_width":"","footnotes":""},"class_list":["post-252308","page","type-page","status-publish","hentry"],"_links":{"self":[{"href":"https:\/\/sternmed.de\/es\/wp-json\/wp\/v2\/pages\/252308","targetHints":{"allow":["GET"]}}],"collection":[{"href":"https:\/\/sternmed.de\/es\/wp-json\/wp\/v2\/pages"}],"about":[{"href":"https:\/\/sternmed.de\/es\/wp-json\/wp\/v2\/types\/page"}],"author":[{"embeddable":true,"href":"https:\/\/sternmed.de\/es\/wp-json\/wp\/v2\/users\/15"}],"replies":[{"embeddable":true,"href":"https:\/\/sternmed.de\/es\/wp-json\/wp\/v2\/comments?post=252308"}],"version-history":[{"count":0,"href":"https:\/\/sternmed.de\/es\/wp-json\/wp\/v2\/pages\/252308\/revisions"}],"wp:attachment":[{"href":"https:\/\/sternmed.de\/es\/wp-json\/wp\/v2\/media?parent=252308"}],"curies":[{"name":"wp","href":"https:\/\/api.w.org\/{rel}","templated":true}]}}