{"id":242182,"date":"2020-12-15T16:35:50","date_gmt":"2020-12-15T15:35:50","guid":{"rendered":"https:\/\/sternmed.devworks.de\/informations-sur-sternmed\/qualite\/"},"modified":"2024-11-28T11:12:53","modified_gmt":"2024-11-28T10:12:53","slug":"qualite","status":"publish","type":"page","link":"https:\/\/sternmed.de\/fr\/informations-sur-sternmed\/qualite\/","title":{"rendered":"Qualit\u00e9"},"content":{"rendered":"<p>[et_pb_section fb_built=&#8221;1&#8243; _builder_version=&#8221;4.16&#8243; _module_preset=&#8221;default&#8221; width=&#8221;100%&#8221; max_width=&#8221;1920px&#8221; module_alignment=&#8221;center&#8221; custom_margin=&#8221;245px||0px||false|false&#8221; custom_margin_tablet=&#8221;58px||||false|false&#8221; custom_margin_phone=&#8221;&#8221; custom_margin_last_edited=&#8221;on|phone&#8221; custom_padding=&#8221;0px||0px||false|false&#8221; bottom_divider_style=&#8221;slant2&#8243; bottom_divider_color=&#8221;#1e6eb5&#8243; bottom_divider_flip=&#8221;horizontal&#8221; bottom_divider_arrangement=&#8221;above_content&#8221; da_disable_devices=&#8221;off|off|off&#8221; global_colors_info=&#8221;{}&#8221; da_is_popup=&#8221;off&#8221; da_exit_intent=&#8221;off&#8221; da_has_close=&#8221;on&#8221; da_alt_close=&#8221;off&#8221; da_dark_close=&#8221;off&#8221; da_not_modal=&#8221;on&#8221; da_is_singular=&#8221;off&#8221; da_with_loader=&#8221;off&#8221; da_has_shadow=&#8221;on&#8221;][et_pb_row custom_padding_last_edited=&#8221;on|phone&#8221; _builder_version=&#8221;4.20.0&#8243; _module_preset=&#8221;default&#8221; background_color=&#8221;#ffffff&#8221; use_background_color_gradient=&#8221;on&#8221; background_color_gradient_direction=&#8221;96deg&#8221; background_color_gradient_stops=&#8221;rgba(0,0,0,0) 47%|rgba(30,110,181,0.53) 100%&#8221; background_color_gradient_overlays_image=&#8221;on&#8221; background_color_gradient_start=&#8221;rgba(0,0,0,0)&#8221; background_color_gradient_start_position=&#8221;47%&#8221; background_color_gradient_end=&#8221;rgba(30,110,181,0.53)&#8221; background_image=&#8221;https:\/\/sternmed.de\/wp-content\/uploads\/2023\/02\/quality_Website_banner.jpg&#8221; width=&#8221;100%&#8221; max_width=&#8221;1920px&#8221; min_height=&#8221;60vh&#8221; min_height_tablet=&#8221;&#8221; min_height_phone=&#8221;&#8221; min_height_last_edited=&#8221;on|tablet&#8221; custom_margin=&#8221;-58px||||false|false&#8221; custom_padding=&#8221;30vh||||false|false&#8221; custom_padding_tablet=&#8221;10vh||10vh||false|false&#8221; custom_padding_phone=&#8221;&#8221; global_colors_info=&#8221;{}&#8221;][et_pb_column type=&#8221;4_4&#8243; _builder_version=&#8221;4.16&#8243; _module_preset=&#8221;default&#8221; global_colors_info=&#8221;{}&#8221;][et_pb_text _builder_version=&#8221;4.16&#8243; _module_preset=&#8221;default&#8221; header_text_align=&#8221;center&#8221; header_text_color=&#8221;#ffffff&#8221; background_color=&#8221;rgba(30,110,181,0.8)&#8221; max_width=&#8221;50%&#8221; max_width_tablet=&#8221;90%&#8221; max_width_phone=&#8221;&#8221; max_width_last_edited=&#8221;on|phone&#8221; module_alignment=&#8221;center&#8221; custom_padding=&#8221;20px|20px|10px|20px|false|true&#8221; header_font_size_tablet=&#8221;30px&#8221; header_font_size_phone=&#8221;22px&#8221; header_font_size_last_edited=&#8221;on|phone&#8221; border_width_left=&#8221;15px&#8221; border_color_left=&#8221;#ffffff&#8221; global_colors_info=&#8221;{}&#8221;]<\/p>\n<h1>Qualit\u00e9<\/h1>\n<p>[\/et_pb_text][\/et_pb_column][\/et_pb_row][\/et_pb_section][et_pb_section fb_built=&#8221;1&#8243; _builder_version=&#8221;4.16&#8243; _module_preset=&#8221;default&#8221; width=&#8221;100%&#8221; max_width=&#8221;1920px&#8221; module_alignment=&#8221;center&#8221; da_disable_devices=&#8221;off|off|off&#8221; global_colors_info=&#8221;{}&#8221; da_is_popup=&#8221;off&#8221; da_exit_intent=&#8221;off&#8221; da_has_close=&#8221;on&#8221; da_alt_close=&#8221;off&#8221; da_dark_close=&#8221;off&#8221; da_not_modal=&#8221;on&#8221; da_is_singular=&#8221;off&#8221; da_with_loader=&#8221;off&#8221; da_has_shadow=&#8221;on&#8221;][et_pb_row _builder_version=&#8221;4.16&#8243; _module_preset=&#8221;default&#8221; width=&#8221;74%&#8221; global_colors_info=&#8221;{}&#8221;][et_pb_column type=&#8221;4_4&#8243; _builder_version=&#8221;4.16&#8243; _module_preset=&#8221;default&#8221; global_colors_info=&#8221;{}&#8221;][et_pb_text _builder_version=&#8221;4.27.3&#8243; _module_preset=&#8221;default&#8221; text_font_size=&#8221;16px&#8221; header_2_text_color=&#8221;#1e6eb5&#8243; header_2_font_size=&#8221;26px&#8221; header_2_line_height=&#8221;1.6em&#8221; header_3_font=&#8221;|300||on|||||&#8221; header_3_text_color=&#8221;#1e6eb5&#8243; header_3_line_height=&#8221;1.8em&#8221; hover_enabled=&#8221;0&#8243; header_2_font_size_tablet=&#8221;&#8221; header_2_font_size_phone=&#8221;20px&#8221; header_2_font_size_last_edited=&#8221;on|phone&#8221; global_colors_info=&#8221;{}&#8221; sticky_enabled=&#8221;0&#8243;]<\/p>\n<h3><strong>Vision<\/strong><\/h3>\n<p>Assurer l&#8217;acc\u00e8s \u00e0 des soins de sant\u00e9 de qualit\u00e9 dans le monde entier.<\/p>\n<h3><strong>Mission<br \/><\/strong><\/h3>\n<p>Produire une large gamme de produits et de solutions de soins de sant\u00e9 abordables de qualit\u00e9 allemande tout en offrant un engagement \u00e0 long terme et un soutien local.<\/p>\n<h2>Les principaux <strong>attributs<\/strong> de SternMed sont:<\/h2>\n<h3><strong>Ma\u00eetrise des connaissances<\/strong><\/h3>\n<p><b>Assistance. <\/b>Nous fournissons toute formation, expertise et autres ressources n\u00e9cessaires pour assurer que le fonctionnement de nos solutions soit optimal et sans faille.<\/p>\n<p><b>Pertinence au niveau local.<\/b> Nous nous engageons \u00e0 \u00eatre pleinement conscients des conditions locales, des besoins des clients et de l&#8217;\u00e9volution du march\u00e9 afin de pouvoir prendre les bonnes d\u00e9cisions et d&#8217;adapter nos solutions en fonction des exigences.<\/p>\n<h3><strong>Qualit\u00e9<\/strong><\/h3>\n<p><b>Fiabilit\u00e9.<\/b> En concevant nos produits en Allemagne, nous nous engageons \u00e0 atteindre une excellence constante en nous conformant aux normes et aux standards applicables les plus \u00e9lev\u00e9s.<\/p>\n<p><b>Diversit\u00e9. <\/b>La composition de notre \u00e9quipe, notre expertise et notre approche multidisciplinaire nous permettent d&#8217;optimiser constamment la qualit\u00e9 de notre travail et de mieux r\u00e9pondre aux besoins de nos clients.<\/p>\n<p><b>Simplicit\u00e9 \u00e0 utiliser.<\/b>\u00a0Nous d\u00e9veloppons nos solutions robustes \u00e0 travers une fonctionnalit\u00e9 de base solide qui les rend faciles \u00e0 comprendre, \u00e0 utiliser et \u00e0 maintenir.<\/p>\n<h3><b>Conscience des co\u00fbts<br \/><\/b><\/h3>\n<p><b>Durabilit\u00e9. <\/b>Nous cr\u00e9ons nos produits pour une dur\u00e9e d&#8217;immobilisation minimale et pour des performances durables afin qu&#8217;ils g\u00e9n\u00e8rent un retour sur investissement important pour le client sur une p\u00e9riode prolong\u00e9e.<\/p>\n<p><b>Abordabilit\u00e9.<\/b>\u00a0Nous prenons des d\u00e9cisions conscientes des co\u00fbts afin de pouvoir offrir \u00e0 nos clients un large spectre de solutions adapt\u00e9es \u00e0 des budgets de toutes tailles.<\/p>\n<h3><b>Int\u00e9grit\u00e9<br \/><\/b><\/h3>\n<p><b>Digne de confiance. <\/b>Nous sommes un partenaire fiable, une entreprise qui tient ses promesses et qui accorde une grande importance \u00e0 une collaboration durable.<\/p>\n<p><b>\u00c9thique.<\/b>\u00a0Nous sommes convaincus qu&#8217;il faut faire des choix judicieux, \u00eatre pleinement responsables de nos actes et appliquer une \u00e9thique professionnelle stricte sur laquelle nous ne ferons aucun compromis.<\/p>\n<p><b>Passionn\u00e9s.<\/b>\u00a0Nous nous engageons \u00e0 am\u00e9liorer l&#8217;acc\u00e8s aux soins de sant\u00e9 dans tous les coins du monde, et nous encourageons nos employ\u00e9s &#8211; ainsi que nos clients et autres partenaires &#8211; \u00e0 apporter leur contribution.<\/p>\n<h3><strong>Certification<\/strong><\/h3>\n<p>Avec notre certification 13485:2021 du groupe T\u00dcV Nord Allemagne, nous montrons que tous les processus de notre entreprise r\u00e9pondent aux normes les plus \u00e9lev\u00e9es et que la documentation en la mati\u00e8re est conforme \u00e0 la r\u00e9glementation en vigueur.<\/p>\n<p>&nbsp;<\/p>\n<p>[\/et_pb_text][\/et_pb_column][\/et_pb_row][et_pb_row column_structure=&#8221;1_3,1_3,1_3&#8243; _builder_version=&#8221;4.16&#8243; _module_preset=&#8221;default&#8221; global_colors_info=&#8221;{}&#8221;][et_pb_column type=&#8221;1_3&#8243; _builder_version=&#8221;4.16&#8243; _module_preset=&#8221;default&#8221; global_colors_info=&#8221;{}&#8221;][et_pb_image src=&#8221;https:\/\/sternmed.de\/wp-content\/uploads\/2024\/03\/SternMed-Certificate-ISO-1.jpg&#8221; title_text=&#8221;SternMed Certificate ISO&#8221; url=&#8221;\/wp-content\/uploads\/2022\/05\/SternMed-ISO-13485-Certificate.pdf&#8221; url_new_window=&#8221;on&#8221; _builder_version=&#8221;4.24.2&#8243; _module_preset=&#8221;default&#8221; global_colors_info=&#8221;{}&#8221;][\/et_pb_image][\/et_pb_column][et_pb_column type=&#8221;1_3&#8243; _builder_version=&#8221;4.16&#8243; _module_preset=&#8221;default&#8221; global_colors_info=&#8221;{}&#8221;][et_pb_image src=&#8221;https:\/\/sternmed.de\/wp-content\/uploads\/2020\/10\/ce-certificate-sternmed.jpg&#8221; alt=&#8221;Zertifikat&#8221; title_text=&#8221;Zertifikat&#8221; url=&#8221;\/wp-content\/uploads\/2020\/10\/sm_ec_2019.pdf&#8221; url_new_window=&#8221;on&#8221; _builder_version=&#8221;4.24.2&#8243; _module_preset=&#8221;default&#8221; global_colors_info=&#8221;{}&#8221;][\/et_pb_image][\/et_pb_column][et_pb_column type=&#8221;1_3&#8243; _builder_version=&#8221;4.16&#8243; _module_preset=&#8221;default&#8221; global_colors_info=&#8221;{}&#8221;][\/et_pb_column][\/et_pb_row][\/et_pb_section]<\/p>\n","protected":false},"excerpt":{"rendered":"<p>Qualit\u00e9Vision Assurer l&#8217;acc\u00e8s \u00e0 des soins de sant\u00e9 de qualit\u00e9 dans le monde entier. Mission Produire une large gamme de produits et de solutions de soins de sant\u00e9 abordables de qualit\u00e9 allemande tout en offrant un engagement \u00e0 long terme et un soutien local. Les principaux attributs de SternMed sont: Ma\u00eetrise des connaissances Assistance. Nous [&hellip;]<\/p>\n","protected":false},"author":1,"featured_media":0,"parent":2594,"menu_order":0,"comment_status":"closed","ping_status":"closed","template":"","meta":{"_et_pb_use_builder":"on","_et_pb_old_content":"","_et_gb_content_width":"","footnotes":""},"class_list":["post-242182","page","type-page","status-publish","hentry"],"_links":{"self":[{"href":"https:\/\/sternmed.de\/fr\/wp-json\/wp\/v2\/pages\/242182","targetHints":{"allow":["GET"]}}],"collection":[{"href":"https:\/\/sternmed.de\/fr\/wp-json\/wp\/v2\/pages"}],"about":[{"href":"https:\/\/sternmed.de\/fr\/wp-json\/wp\/v2\/types\/page"}],"author":[{"embeddable":true,"href":"https:\/\/sternmed.de\/fr\/wp-json\/wp\/v2\/users\/1"}],"replies":[{"embeddable":true,"href":"https:\/\/sternmed.de\/fr\/wp-json\/wp\/v2\/comments?post=242182"}],"version-history":[{"count":10,"href":"https:\/\/sternmed.de\/fr\/wp-json\/wp\/v2\/pages\/242182\/revisions"}],"predecessor-version":[{"id":258496,"href":"https:\/\/sternmed.de\/fr\/wp-json\/wp\/v2\/pages\/242182\/revisions\/258496"}],"up":[{"embeddable":true,"href":"https:\/\/sternmed.de\/fr\/wp-json\/wp\/v2\/pages\/2594"}],"wp:attachment":[{"href":"https:\/\/sternmed.de\/fr\/wp-json\/wp\/v2\/media?parent=242182"}],"curies":[{"name":"wp","href":"https:\/\/api.w.org\/{rel}","templated":true}]}}