{"id":2593,"date":"2020-09-10T12:37:47","date_gmt":"2020-09-10T10:37:47","guid":{"rendered":"https:\/\/sternmed.devworks.de\/reseau-de-distribution\/"},"modified":"2024-09-25T14:56:24","modified_gmt":"2024-09-25T12:56:24","slug":"reseau-de-distribution","status":"publish","type":"page","link":"https:\/\/sternmed.de\/fr\/reseau-de-distribution\/","title":{"rendered":"Distributeur"},"content":{"rendered":"<p>[et_pb_section fb_built=&#8221;1&#8243; _builder_version=&#8221;4.16&#8243; _module_preset=&#8221;default&#8221; width=&#8221;100%&#8221; max_width=&#8221;1920px&#8221; module_alignment=&#8221;center&#8221; max_height_tablet=&#8221;&#8221; max_height_phone=&#8221;&#8221; max_height_last_edited=&#8221;on|desktop&#8221; custom_margin=&#8221;245px||0px||false|false&#8221; custom_margin_tablet=&#8221;60px||0px||false|false&#8221; custom_margin_phone=&#8221;&#8221; custom_margin_last_edited=&#8221;on|phone&#8221; custom_padding=&#8221;0px||0px||false|false&#8221; bottom_divider_style=&#8221;slant2&#8243; bottom_divider_color=&#8221;#1e6eb5&#8243; bottom_divider_flip=&#8221;horizontal&#8221; bottom_divider_arrangement=&#8221;above_content&#8221; da_disable_devices=&#8221;off|off|off&#8221; global_colors_info=&#8221;{}&#8221; da_is_popup=&#8221;off&#8221; da_exit_intent=&#8221;off&#8221; da_has_close=&#8221;on&#8221; da_alt_close=&#8221;off&#8221; da_dark_close=&#8221;off&#8221; da_not_modal=&#8221;on&#8221; da_is_singular=&#8221;off&#8221; da_with_loader=&#8221;off&#8221; da_has_shadow=&#8221;on&#8221;][et_pb_row custom_padding_last_edited=&#8221;on|desktop&#8221; _builder_version=&#8221;4.20.0&#8243; _module_preset=&#8221;default&#8221; background_color=&#8221;#ffffff&#8221; use_background_color_gradient=&#8221;on&#8221; background_color_gradient_direction=&#8221;96deg&#8221; background_color_gradient_stops=&#8221;rgba(0,0,0,0) 47%|rgba(30,110,181,0.53) 100%&#8221; background_color_gradient_overlays_image=&#8221;on&#8221; background_color_gradient_start=&#8221;rgba(0,0,0,0)&#8221; background_color_gradient_start_position=&#8221;47%&#8221; background_color_gradient_end=&#8221;rgba(30,110,181,0.53)&#8221; background_image=&#8221;https:\/\/sternmed.de\/wp-content\/uploads\/2023\/02\/Career_Website_banner-Kopie-3.jpg&#8221; width=&#8221;100%&#8221; max_width=&#8221;1920px&#8221; min_height=&#8221;60vh&#8221; min_height_tablet=&#8221;&#8221; min_height_phone=&#8221;&#8221; min_height_last_edited=&#8221;on|phone&#8221; max_height_tablet=&#8221;&#8221; max_height_phone=&#8221;&#8221; max_height_last_edited=&#8221;on|desktop&#8221; custom_margin=&#8221;-58px||||false|false&#8221; custom_padding=&#8221;30vh||||false|false&#8221; custom_padding_tablet=&#8221;10vh||10vh||false|false&#8221; custom_padding_phone=&#8221;&#8221; global_colors_info=&#8221;{}&#8221;][et_pb_column type=&#8221;4_4&#8243; _builder_version=&#8221;4.16&#8243; _module_preset=&#8221;default&#8221; global_colors_info=&#8221;{}&#8221;][et_pb_text _builder_version=&#8221;4.20.0&#8243; _module_preset=&#8221;default&#8221; header_text_align=&#8221;center&#8221; header_text_color=&#8221;#ffffff&#8221; background_color=&#8221;rgba(30,110,181,0.8)&#8221; max_width=&#8221;50%&#8221; max_width_tablet=&#8221;95%&#8221; max_width_phone=&#8221;&#8221; max_width_last_edited=&#8221;on|phone&#8221; module_alignment=&#8221;center&#8221; custom_padding=&#8221;20px|20px|10px|20px|false|true&#8221; header_font_size_tablet=&#8221;35px&#8221; header_font_size_phone=&#8221;30px&#8221; header_font_size_last_edited=&#8221;on|desktop&#8221; border_width_left=&#8221;15px&#8221; border_color_left=&#8221;#ffffff&#8221; global_colors_info=&#8221;{}&#8221;]<\/p>\n<h1>SternMed, votre partenaire pour les projets de soins de sant\u00e9 cl\u00e9s en main<\/h1>\n<p>[\/et_pb_text][\/et_pb_column][\/et_pb_row][\/et_pb_section][et_pb_section fb_built=&#8221;1&#8243; _builder_version=&#8221;4.16&#8243; _module_preset=&#8221;default&#8221; width=&#8221;100%&#8221; max_width=&#8221;1920px&#8221; module_alignment=&#8221;center&#8221; da_disable_devices=&#8221;off|off|off&#8221; global_colors_info=&#8221;{}&#8221; da_is_popup=&#8221;off&#8221; da_exit_intent=&#8221;off&#8221; da_has_close=&#8221;on&#8221; da_alt_close=&#8221;off&#8221; da_dark_close=&#8221;off&#8221; da_not_modal=&#8221;on&#8221; da_is_singular=&#8221;off&#8221; da_with_loader=&#8221;off&#8221; da_has_shadow=&#8221;on&#8221;][et_pb_row column_structure=&#8221;2_5,3_5&#8243; _builder_version=&#8221;4.16&#8243; _module_preset=&#8221;default&#8221; width=&#8221;74%&#8221; global_colors_info=&#8221;{}&#8221;][et_pb_column type=&#8221;2_5&#8243; _builder_version=&#8221;4.16&#8243; _module_preset=&#8221;default&#8221; global_colors_info=&#8221;{}&#8221;][et_pb_text _builder_version=&#8221;4.16&#8243; _module_preset=&#8221;default&#8221; custom_margin=&#8221;5px|||||&#8221; global_colors_info=&#8221;{}&#8221;]<\/p>\n<h3>Partenaire SternMed<\/h3>\n<p>Nous \u00e9tendons notre r\u00e9seau de vente dans le monde entier. Nous recherchons des distributeurs qui nous repr\u00e9senteront bien dans leur r\u00e9gion.<\/p>\n<p>Si vous \u00eates int\u00e9ress\u00e9 et que vous avez de l\u2019exp\u00e9rience dans nos cat\u00e9gories de produits, veuillez nous le faire savoir en remplissant ce formulaire.<\/p>\n<p>Nous vous remercions.<\/p>\n<p>[\/et_pb_text][et_pb_testimonial author=&#8221;Mme Homa Milani, PhD&#8221; job_title=&#8221;Directrice du d\u00e9veloppement commercial&#8221; portrait_url=&#8221;https:\/\/sternmed.de\/wp-content\/uploads\/2023\/04\/Homa-Milani.jpg&#8221; quote_icon_color=&#8221;#0b72b5&#8243; disabled_on=&#8221;off|off|off&#8221; _builder_version=&#8221;4.20.0&#8243; _module_preset=&#8221;default&#8221; background_color=&#8221;#FFFFFF&#8221; box_shadow_style=&#8221;preset1&#8243; box_shadow_style_image=&#8221;preset1&#8243; global_colors_info=&#8221;{}&#8221;]<\/p>\n<p>Les partenaires commerciaux efficaces d\u00e9finissent et atteignent des objectifs \u00e0 la fois individuels et collectifs.<\/p>\n<p>[\/et_pb_testimonial][\/et_pb_column][et_pb_column type=&#8221;3_5&#8243; _builder_version=&#8221;4.16&#8243; _module_preset=&#8221;default&#8221; global_colors_info=&#8221;{}&#8221;][et_pb_text _builder_version=&#8221;4.16&#8243; _module_preset=&#8221;default&#8221; custom_margin=&#8221;1px|||||&#8221; global_colors_info=&#8221;{}&#8221;]<\/p>\n<h3>Votre enregistrement<\/h3>\n<div>\n<p>*Champs obligatoires<\/p>\n<\/div>\n<p>[\/et_pb_text][dvppl_cf7_styler cf7=&#8221;241248&#8243; _builder_version=&#8221;4.16&#8243; _module_preset=&#8221;default&#8221; hover_enabled=&#8221;0&#8243; global_colors_info=&#8221;{}&#8221; sticky_enabled=&#8221;0&#8243;][\/dvppl_cf7_styler][\/et_pb_column][\/et_pb_row][\/et_pb_section]<\/p>\n","protected":false},"excerpt":{"rendered":"<p>SternMed, votre partenaire pour les projets de soins de sant\u00e9 cl\u00e9s en mainPartenaire SternMed Nous \u00e9tendons notre r\u00e9seau de vente dans le monde entier. Nous recherchons des distributeurs qui nous repr\u00e9senteront bien dans leur r\u00e9gion. Si vous \u00eates int\u00e9ress\u00e9 et que vous avez de l\u2019exp\u00e9rience dans nos cat\u00e9gories de produits, veuillez nous le faire savoir [&hellip;]<\/p>\n","protected":false},"author":1,"featured_media":0,"parent":0,"menu_order":41,"comment_status":"closed","ping_status":"closed","template":"","meta":{"_et_pb_use_builder":"on","_et_pb_old_content":"","_et_gb_content_width":"","footnotes":""},"class_list":["post-2593","page","type-page","status-publish","hentry"],"_links":{"self":[{"href":"https:\/\/sternmed.de\/fr\/wp-json\/wp\/v2\/pages\/2593","targetHints":{"allow":["GET"]}}],"collection":[{"href":"https:\/\/sternmed.de\/fr\/wp-json\/wp\/v2\/pages"}],"about":[{"href":"https:\/\/sternmed.de\/fr\/wp-json\/wp\/v2\/types\/page"}],"author":[{"embeddable":true,"href":"https:\/\/sternmed.de\/fr\/wp-json\/wp\/v2\/users\/1"}],"replies":[{"embeddable":true,"href":"https:\/\/sternmed.de\/fr\/wp-json\/wp\/v2\/comments?post=2593"}],"version-history":[{"count":7,"href":"https:\/\/sternmed.de\/fr\/wp-json\/wp\/v2\/pages\/2593\/revisions"}],"predecessor-version":[{"id":258165,"href":"https:\/\/sternmed.de\/fr\/wp-json\/wp\/v2\/pages\/2593\/revisions\/258165"}],"wp:attachment":[{"href":"https:\/\/sternmed.de\/fr\/wp-json\/wp\/v2\/media?parent=2593"}],"curies":[{"name":"wp","href":"https:\/\/api.w.org\/{rel}","templated":true}]}}